{"id":354,"date":"2020-08-27T05:24:34","date_gmt":"2020-08-27T03:24:34","guid":{"rendered":"http:\/\/www.bikedesign.de\/bikedesign-iserlohn\/?page_id=354"},"modified":"2020-11-19T17:12:29","modified_gmt":"2020-11-19T16:12:29","slug":"cookies","status":"publish","type":"page","link":"https:\/\/www.bikedesign.de\/bikedesign-iserlohn\/cookies\/","title":{"rendered":"Cookies"},"content":{"rendered":"\t\t<div data-elementor-type=\"wp-page\" data-elementor-id=\"354\" class=\"elementor elementor-354\">\n\t\t\t\t\t\t<div class=\"elementor-inner\">\n\t\t\t\t<div class=\"elementor-section-wrap\">\n\t\t\t\t\t\t\t\t\t<section class=\"elementor-section elementor-top-section elementor-element elementor-element-54638af elementor-section-boxed elementor-section-height-default elementor-section-height-default\" data-id=\"54638af\" data-element_type=\"section\">\n\t\t\t\t\t\t<div class=\"elementor-container elementor-column-gap-default\">\n\t\t\t\t\t\t\t<div class=\"elementor-row\">\n\t\t\t\t\t<div class=\"elementor-column elementor-col-100 elementor-top-column elementor-element elementor-element-fc6ca92\" data-id=\"fc6ca92\" data-element_type=\"column\">\n\t\t\t<div class=\"elementor-column-wrap elementor-element-populated\">\n\t\t\t\t\t\t\t<div class=\"elementor-widget-wrap\">\n\t\t\t\t\t\t<div class=\"elementor-element elementor-element-2124582 elementor-widget elementor-widget-text-editor\" data-id=\"2124582\" data-element_type=\"widget\" data-widget_type=\"text-editor.default\">\n\t\t\t\t<div class=\"elementor-widget-container\">\n\t\t\t\t\t\t\t\t<div class=\"elementor-text-editor elementor-clearfix\">\n\t\t\t\t<p>Wir verwenden technisch notwendige Cookies auf unserer Webseite sowie externe Dienste.<\/p><p><br \/>Standardm\u00e4\u00dfig sind alle externen Dienste deaktiviert. Sie k\u00f6nnen diese jedoch nach belieben aktivieren &amp; deaktivieren.<br \/>F\u00fcr weitere Informationen lesen Sie unsere <a href=\"http:\/\/www.bikedesign.de\/bikedesign-iserlohn\/datenschutzerklaerung\/\">Datenschutzerkl\u00e4rung<\/a>.<\/p>\t\t\t\t\t<\/div>\n\t\t\t\t\t\t<\/div>\n\t\t\t\t<\/div>\n\t\t\t\t\t\t<\/div>\n\t\t\t\t\t<\/div>\n\t\t<\/div>\n\t\t\t\t\t\t\t\t<\/div>\n\t\t\t\t\t<\/div>\n\t\t<\/section>\n\t\t\t\t\t\t\t\t\t<\/div>\n\t\t\t<\/div>\n\t\t\t\t\t<\/div>\n\t\t","protected":false},"excerpt":{"rendered":"<p>Wir verwenden technisch notwendige Cookies auf unserer Webseite sowie externe Dienste. Standardm\u00e4\u00dfig sind alle externen Dienste deaktiviert. Sie k\u00f6nnen diese jedoch nach belieben aktivieren &amp; deaktivieren. F\u00fcr weitere Informationen lesen Sie unsere Datenschutzerkl\u00e4rung.<\/p>\n","protected":false},"author":1,"featured_media":0,"parent":0,"menu_order":0,"comment_status":"closed","ping_status":"closed","template":"","meta":[],"_links":{"self":[{"href":"https:\/\/www.bikedesign.de\/bikedesign-iserlohn\/wp-json\/wp\/v2\/pages\/354"}],"collection":[{"href":"https:\/\/www.bikedesign.de\/bikedesign-iserlohn\/wp-json\/wp\/v2\/pages"}],"about":[{"href":"https:\/\/www.bikedesign.de\/bikedesign-iserlohn\/wp-json\/wp\/v2\/types\/page"}],"author":[{"embeddable":true,"href":"https:\/\/www.bikedesign.de\/bikedesign-iserlohn\/wp-json\/wp\/v2\/users\/1"}],"replies":[{"embeddable":true,"href":"https:\/\/www.bikedesign.de\/bikedesign-iserlohn\/wp-json\/wp\/v2\/comments?post=354"}],"version-history":[{"count":3,"href":"https:\/\/www.bikedesign.de\/bikedesign-iserlohn\/wp-json\/wp\/v2\/pages\/354\/revisions"}],"predecessor-version":[{"id":530,"href":"https:\/\/www.bikedesign.de\/bikedesign-iserlohn\/wp-json\/wp\/v2\/pages\/354\/revisions\/530"}],"wp:attachment":[{"href":"https:\/\/www.bikedesign.de\/bikedesign-iserlohn\/wp-json\/wp\/v2\/media?parent=354"}],"curies":[{"name":"wp","href":"https:\/\/api.w.org\/{rel}","templated":true}]}}